{"id":1479,"date":"2023-11-09T17:58:06","date_gmt":"2023-11-09T15:58:06","guid":{"rendered":"https:\/\/elevabalear.com\/personalizar-cookies\/"},"modified":"2025-10-19T19:58:02","modified_gmt":"2025-10-19T17:58:02","slug":"cookie-preferences","status":"publish","type":"page","link":"https:\/\/elevabalear.com\/en\/cookie-preferences\/","title":{"rendered":"Cookie Preferences"},"content":{"rendered":"<div data-elementor-type=\"wp-page\" data-elementor-id=\"1479\" class=\"elementor elementor-1479\" data-elementor-post-type=\"page\">\n\t\t\t\t\t\t<section data-particle_enable=\"false\" data-particle-mobile-disabled=\"false\" class=\"elementor-section elementor-top-section elementor-element elementor-element-6ebd6d15 elementor-section-boxed elementor-section-height-default elementor-section-height-default\" data-id=\"6ebd6d15\" data-element_type=\"section\" data-e-type=\"section\" data-settings=\"{&quot;background_background&quot;:&quot;classic&quot;}\">\n\t\t\t\t\t\t<div class=\"elementor-container elementor-column-gap-no\">\n\t\t\t\t\t<div class=\"elementor-column elementor-col-100 elementor-top-column elementor-element elementor-element-353768a0\" data-id=\"353768a0\" data-element_type=\"column\" data-e-type=\"column\">\n\t\t\t<div class=\"elementor-widget-wrap elementor-element-populated\">\n\t\t\t\t\t\t<div class=\"elementor-element elementor-element-39f5a01d elementor-invisible elementor-widget elementor-widget-heading\" data-id=\"39f5a01d\" data-element_type=\"widget\" data-e-type=\"widget\" data-settings=\"{&quot;_animation&quot;:&quot;fadeInDown&quot;}\" data-widget_type=\"heading.default\">\n\t\t\t\t<div class=\"elementor-widget-container\">\n\t\t\t\t\t<h1 class=\"elementor-heading-title elementor-size-default\">Cookie Preferences<\/h1>\t\t\t\t<\/div>\n\t\t\t\t<\/div>\n\t\t\t\t<div class=\"elementor-element elementor-element-48bc7b8c elementor-invisible elementor-widget elementor-widget-text-editor\" data-id=\"48bc7b8c\" data-element_type=\"widget\" data-e-type=\"widget\" data-settings=\"{&quot;_animation&quot;:&quot;fadeInUp&quot;}\" data-widget_type=\"text-editor.default\">\n\t\t\t\t<div class=\"elementor-widget-container\">\n\t\t\t\t\t\t\t\t\t<div><div id=\"custom-cookies-eu-label\">The website https:\/\/elevabalear.com uses its own and third-party cookies for its proper functioning and for analytical purposes. By clicking the Accept button, you agree to the use of these technologies and the processing of your data for these purposes.<\/div><div>\u00a0<\/div><div id=\"custom-cookies-eu-buttons\" class=\"cookies-eu-buttons\"><button id=\"custom-cookies-eu-reject\" class=\"cookies-eu-reject\">Reject<\/button>\u00a0<button id=\"custom-cookies-eu-accept\" class=\"cookies-eu-accept\">ACCEPT ALL COOKIES<\/button><\/div><\/div><p>You can change your cookie preferences at any time by returning to the Cookie Preferences page, which you can access via the Cookie Policy. To find out more about cookies and how we use them, please check the\u00a0<a href=\"https:\/\/elevabalear.com\/en\/cookie-policy\/\">Cookie Policy<\/a>.<\/p><h3><span style=\"color: #ffffff;\">Technical cookies<\/span><\/h3><p>They are those that allow registered users to navigate through the website, the restricted area and to use its different functions, such as the comments system or the search engine, and cannot be deactivated.<\/p><div class=\"custom-cookies-option\"><h3><span style=\"color: #ffffff;\">Analysis or measurement cookies<\/span><\/h3><p><input id=\"custom-cookies-accept-analytics\" class=\"custom-cookies-radio\" name=\"cookies-analytics-option\" type=\"radio\" value=\"true\" data-consent=\"ANLTCS\" \/>\u00a0<span style=\"color: #ffffff;\"><label for=\"custom-cookies-accept-analytics\">Activate<\/label><\/span>\u00a0\u00a0\u00a0\u00a0<input id=\"custom-cookies-reject-analytics\" class=\"custom-cookies-radio\" checked=\"checked\" name=\"cookies-analytics-option\" type=\"radio\" value=\"false\" data-consent=\"ANLTCS\" \/>\u00a0<span style=\"color: #ffffff;\"><label for=\"custom-cookies-reject-analytics\">Deactivate<\/label><\/span><\/p><\/div><p>They are those that, either processed by the website or by third parties, allow us to quantify the number of users and thus carry out the measurement and statistical analysis of the use made by users of the website. To do this, the browsing you do on this website is analysed in order to improve it.<\/p><div class=\"custom-cookies-option\"><h3><span style=\"color: #ffffff;\">Social Cookies<\/span><\/h3><p><span style=\"color: #3366ff;\"><input id=\"custom-cookies-accept-social\" class=\"custom-cookies-radio\" name=\"cookies-social-option\" type=\"radio\" value=\"true\" data-consent=\"SCLS\" \/><span style=\"color: #ffffff;\"><label for=\"custom-cookies-accept-social\">Activate<\/label>\u00a0\u00a0\u00a0<\/span><\/span><span style=\"color: #ffffff;\"><input id=\"custom-cookies-reject-social\" class=\"custom-cookies-radio\" checked=\"checked\" name=\"cookies-social-option\" type=\"radio\" value=\"false\" data-consent=\"SCLS\" \/><label for=\"custom-cookies-reject-social\">Deactivate<\/label><\/span><\/p><\/div><p>They are set up by social media platforms to allow users to share content with their friends and networks.<\/p>\t\t\t\t\t\t\t\t<\/div>\n\t\t\t\t<\/div>\n\t\t\t\t\t<\/div>\n\t\t<\/div>\n\t\t\t\t\t<\/div>\n\t\t<\/section>\n\t\t\t\t<\/div>","protected":false},"excerpt":{"rendered":"<p>Preferencias de Cookies El sitio Web https:\/\/elevabalear.com utiliza cookies propias y de terceros para su correcto funcionamiento y para fines anal\u00edticos. Al hacer clic en el bot\u00f3n Aceptar, acepta el uso de estas tecnolog\u00edas y el procesamiento de sus datos para estos prop\u00f3sitos.\u00a0Rechazar\u00a0ACEPTAR TODAS LAS COOKIES Puedes cambiar tus preferencias de cookies en cualquier momento [&hellip;]<\/p>\n","protected":false},"author":1,"featured_media":0,"parent":0,"menu_order":0,"comment_status":"closed","ping_status":"closed","template":"elementor_header_footer","meta":{"ocean_post_layout":"","ocean_both_sidebars_style":"","ocean_both_sidebars_content_width":0,"ocean_both_sidebars_sidebars_width":0,"ocean_sidebar":"","ocean_second_sidebar":"","ocean_disable_margins":"enable","ocean_add_body_class":"","ocean_shortcode_before_top_bar":"","ocean_shortcode_after_top_bar":"","ocean_shortcode_before_header":"","ocean_shortcode_after_header":"","ocean_has_shortcode":"","ocean_shortcode_after_title":"","ocean_shortcode_before_footer_widgets":"","ocean_shortcode_after_footer_widgets":"","ocean_shortcode_before_footer_bottom":"","ocean_shortcode_after_footer_bottom":"","ocean_display_top_bar":"default","ocean_display_header":"default","ocean_header_style":"","ocean_center_header_left_menu":"","ocean_custom_header_template":"","ocean_custom_logo":0,"ocean_custom_retina_logo":0,"ocean_custom_logo_max_width":0,"ocean_custom_logo_tablet_max_width":0,"ocean_custom_logo_mobile_max_width":0,"ocean_custom_logo_max_height":0,"ocean_custom_logo_tablet_max_height":0,"ocean_custom_logo_mobile_max_height":0,"ocean_header_custom_menu":"","ocean_menu_typo_font_family":"","ocean_menu_typo_font_subset":"","ocean_menu_typo_font_size":0,"ocean_menu_typo_font_size_tablet":0,"ocean_menu_typo_font_size_mobile":0,"ocean_menu_typo_font_size_unit":"px","ocean_menu_typo_font_weight":"","ocean_menu_typo_font_weight_tablet":"","ocean_menu_typo_font_weight_mobile":"","ocean_menu_typo_transform":"","ocean_menu_typo_transform_tablet":"","ocean_menu_typo_transform_mobile":"","ocean_menu_typo_line_height":0,"ocean_menu_typo_line_height_tablet":0,"ocean_menu_typo_line_height_mobile":0,"ocean_menu_typo_line_height_unit":"","ocean_menu_typo_spacing":0,"ocean_menu_typo_spacing_tablet":0,"ocean_menu_typo_spacing_mobile":0,"ocean_menu_typo_spacing_unit":"","ocean_menu_link_color":"","ocean_menu_link_color_hover":"","ocean_menu_link_color_active":"","ocean_menu_link_background":"","ocean_menu_link_hover_background":"","ocean_menu_link_active_background":"","ocean_menu_social_links_bg":"","ocean_menu_social_hover_links_bg":"","ocean_menu_social_links_color":"","ocean_menu_social_hover_links_color":"","ocean_disable_title":"default","ocean_disable_heading":"default","ocean_post_title":"","ocean_post_subheading":"","ocean_post_title_style":"","ocean_post_title_background_color":"","ocean_post_title_background":0,"ocean_post_title_bg_image_position":"","ocean_post_title_bg_image_attachment":"","ocean_post_title_bg_image_repeat":"","ocean_post_title_bg_image_size":"","ocean_post_title_height":0,"ocean_post_title_bg_overlay":0.5,"ocean_post_title_bg_overlay_color":"","ocean_disable_breadcrumbs":"default","ocean_breadcrumbs_color":"","ocean_breadcrumbs_separator_color":"","ocean_breadcrumbs_links_color":"","ocean_breadcrumbs_links_hover_color":"","ocean_display_footer_widgets":"default","ocean_display_footer_bottom":"default","ocean_custom_footer_template":"","footnotes":""},"class_list":["post-1479","page","type-page","status-publish","hentry","entry"],"yoast_head":"<!-- This site is optimized with the Yoast SEO plugin v27.4 - https:\/\/yoast.com\/product\/yoast-seo-wordpress\/ -->\n<title>Preferencias de Cookies - ELEVA Balear<\/title>\n<meta name=\"robots\" content=\"noindex, nofollow\" \/>\n<meta property=\"og:locale\" content=\"en_GB\" \/>\n<meta property=\"og:type\" content=\"article\" \/>\n<meta property=\"og:title\" content=\"Preferencias de Cookies - ELEVA Balear\" \/>\n<meta property=\"og:description\" content=\"Preferencias de Cookies El sitio Web https:\/\/elevabalear.com utiliza cookies propias y de terceros para su correcto funcionamiento y para fines anal\u00edticos. Al hacer clic en el bot\u00f3n Aceptar, acepta el uso de estas tecnolog\u00edas y el procesamiento de sus datos para estos prop\u00f3sitos.\u00a0Rechazar\u00a0ACEPTAR TODAS LAS COOKIES Puedes cambiar tus preferencias de cookies en cualquier momento [&hellip;]\" \/>\n<meta property=\"og:url\" content=\"https:\/\/elevabalear.com\/en\/cookie-preferences\/\" \/>\n<meta property=\"og:site_name\" content=\"ELEVA Balear\" \/>\n<meta property=\"article:modified_time\" content=\"2025-10-19T17:58:02+00:00\" \/>\n<meta name=\"twitter:card\" content=\"summary_large_image\" \/>\n<meta name=\"twitter:label1\" content=\"Estimated reading time\" \/>\n\t<meta name=\"twitter:data1\" content=\"1 minute\" \/>\n<!-- \/ Yoast SEO plugin. -->","yoast_head_json":{"title":"Cookie Preferences - ELEVA Balearic Islands","robots":{"index":"noindex","follow":"nofollow"},"og_locale":"en_GB","og_type":"article","og_title":"Preferencias de Cookies - ELEVA Balear","og_description":"Preferencias de Cookies El sitio Web https:\/\/elevabalear.com utiliza cookies propias y de terceros para su correcto funcionamiento y para fines anal\u00edticos. Al hacer clic en el bot\u00f3n Aceptar, acepta el uso de estas tecnolog\u00edas y el procesamiento de sus datos para estos prop\u00f3sitos.\u00a0Rechazar\u00a0ACEPTAR TODAS LAS COOKIES Puedes cambiar tus preferencias de cookies en cualquier momento [&hellip;]","og_url":"https:\/\/elevabalear.com\/en\/cookie-preferences\/","og_site_name":"ELEVA Balear","article_modified_time":"2025-10-19T17:58:02+00:00","twitter_card":"summary_large_image","twitter_misc":{"Estimated reading time":"1 minute"},"schema":{"@context":"https:\/\/schema.org","@graph":[{"@type":"WebPage","@id":"https:\/\/elevabalear.com\/preferencias-de-cookies\/","url":"https:\/\/elevabalear.com\/preferencias-de-cookies\/","name":"Cookie Preferences - ELEVA Balearic Islands","isPartOf":{"@id":"https:\/\/elevabalear.com\/#website"},"datePublished":"2023-11-09T15:58:06+00:00","dateModified":"2025-10-19T17:58:02+00:00","breadcrumb":{"@id":"https:\/\/elevabalear.com\/preferencias-de-cookies\/#breadcrumb"},"inLanguage":"en-GB","potentialAction":[{"@type":"ReadAction","target":["https:\/\/elevabalear.com\/preferencias-de-cookies\/"]}]},{"@type":"BreadcrumbList","@id":"https:\/\/elevabalear.com\/preferencias-de-cookies\/#breadcrumb","itemListElement":[{"@type":"ListItem","position":1,"name":"Portada","item":"https:\/\/elevabalear.com\/"},{"@type":"ListItem","position":2,"name":"Preferencias de Cookies"}]},{"@type":"WebSite","@id":"https:\/\/elevabalear.com\/#website","url":"https:\/\/elevabalear.com\/","name":"ELEVA Balear","description":"Installation, Maintenance and Repair of Lifts in the Balearic Islands","publisher":{"@id":"https:\/\/elevabalear.com\/#organization"},"potentialAction":[{"@type":"SearchAction","target":{"@type":"EntryPoint","urlTemplate":"https:\/\/elevabalear.com\/?s={search_term_string}"},"query-input":{"@type":"PropertyValueSpecification","valueRequired":true,"valueName":"search_term_string"}}],"inLanguage":"en-GB"},{"@type":"Organization","@id":"https:\/\/elevabalear.com\/#organization","name":"ELEVA Balear","url":"https:\/\/elevabalear.com\/","logo":{"@type":"ImageObject","inLanguage":"en-GB","@id":"https:\/\/elevabalear.com\/#\/schema\/logo\/image\/","url":"https:\/\/elevabalear.com\/wp-content\/uploads\/2023\/10\/c56d09ec-0f5c-4f55-a956-5a80c7d26770.png","contentUrl":"https:\/\/elevabalear.com\/wp-content\/uploads\/2023\/10\/c56d09ec-0f5c-4f55-a956-5a80c7d26770.png","width":1410,"height":213,"caption":"ELEVA Balear"},"image":{"@id":"https:\/\/elevabalear.com\/#\/schema\/logo\/image\/"}}]}},"_links":{"self":[{"href":"https:\/\/elevabalear.com\/en\/wp-json\/wp\/v2\/pages\/1479","targetHints":{"allow":["GET"]}}],"collection":[{"href":"https:\/\/elevabalear.com\/en\/wp-json\/wp\/v2\/pages"}],"about":[{"href":"https:\/\/elevabalear.com\/en\/wp-json\/wp\/v2\/types\/page"}],"author":[{"embeddable":true,"href":"https:\/\/elevabalear.com\/en\/wp-json\/wp\/v2\/users\/1"}],"replies":[{"embeddable":true,"href":"https:\/\/elevabalear.com\/en\/wp-json\/wp\/v2\/comments?post=1479"}],"version-history":[{"count":32,"href":"https:\/\/elevabalear.com\/en\/wp-json\/wp\/v2\/pages\/1479\/revisions"}],"predecessor-version":[{"id":20645,"href":"https:\/\/elevabalear.com\/en\/wp-json\/wp\/v2\/pages\/1479\/revisions\/20645"}],"wp:attachment":[{"href":"https:\/\/elevabalear.com\/en\/wp-json\/wp\/v2\/media?parent=1479"}],"curies":[{"name":"wp","href":"https:\/\/api.w.org\/{rel}","templated":true}]}}